{"id":74,"date":"2020-09-29T14:36:58","date_gmt":"2020-09-29T11:36:58","guid":{"rendered":"http:\/\/shitakeshop.lv\/?post_type=product&#038;p=74"},"modified":"2026-03-17T19:49:47","modified_gmt":"2026-03-17T17:49:47","slug":"sitaki-senu-pulveris-kapsulas","status":"publish","type":"product","link":"http:\/\/shitakeshop.lv\/?product=sitaki-senu-pulveris-kapsulas","title":{"rendered":"\u0160itake s\u0113\u0146u pulveris kapsul\u0101s 120 gb."},"content":{"rendered":"<p>S\u0113ne \u0160itake (Lentinula edodes), ir viena no piec\u0101m visvair\u0101k audz\u0113taj\u0101m \u0113damaj\u0101m s\u0113n\u0113m pasaul\u0113. To izcelsme ir Austrum\u0101zija (\u0136\u012bna, Jap\u0101na, Koreja, u.c.), bet ar savu lielisko gar\u0161u un \u012bpa\u0161\u012bb\u0101m \u0161itake ir piesaist\u012bju\u0161as visas pasaules uzman\u012bbu. S\u0113ne ir labi zin\u0101ma ar savu augsto uzturv\u0113rt\u012bbu. T\u0101s sast\u0101vs ir bag\u0101ts ar og\u013chidr\u0101tu polisahar\u012bdiem, prote\u012bnu, \u0161\u0137iedrviel\u0101m un lip\u012bdiem, vitam\u012bniem D2, B1,B2, B12, k\u0101 ar\u012b miner\u0101liem Fe, Mn, K, Ca, Mg, Cd, Cu, P un Zn.<\/p>\n<p>Lietot 2-6 kapsulas dien\u0101, kas satur 500mg-1.5g \u0161itake biomasas. Lieto iek\u0161\u0137\u012bgi, uzdzerot 100 ml \u016bdens, v\u0113lams tuk\u0161\u0101 d\u016b\u0161\u0101.<\/p>\n<p>Lieto\u0161anas ierobe\u017eojumi: individu\u0101la produkta nepanes\u012bba. Nelietot gr\u016btniec\u012bbas un b\u0113rna z\u012bd\u012b\u0161anas laik\u0101.<\/p>\n<p>Neizmantot uztura bag\u0101tin\u0101t\u0101ju k\u0101 pilnv\u0113rt\u012bga un sabalans\u0113ta uztura aizvietot\u0101ju. Nep\u0101rsniegt ieteicamo diennakts devu. Uzglab\u0101t v\u0113s\u0101, saus\u0101, tum\u0161\u0101 un b\u0113rniem nepieejam\u0101 viet\u0101.<\/p>\n<p>Nesatur piena produktus, lipekli (glut\u0113nu), graudaugus un soju. Piem\u0113rots lieto\u0161anai ve\u0123et\u0101rie\u0161u un veg\u0101nu uztur\u0101.<\/p>\n<p>Iepakojums var at\u0161\u0137irties no att\u0113l\u0101 redzam\u0101.<\/p>\n","protected":false},"excerpt":{"rendered":"<p>\u0160itaki s\u0113nes ir lielisks produkts vesel\u012bbas un darba sp\u0113ju saglab\u0101\u0161anai gan fizisk\u0101, gan gar\u012bg\u0101 darba veic\u0113jiem.<\/p>\n<p>Biolo\u0123iski audz\u0113tas \u0161itaki s\u0113nes ir bag\u0101tas ar B1, B2, B6, B12, D2 vitam\u012bniem, olbaltumviel\u0101m, dzelzi, cinku un \u0161kiedrviel\u0101m.<\/p>\n<p>Lietojot \u0161o uztura bag\u0101tin\u0101t\u0101ju, tiek samazin\u0101ts holester\u012bna l\u012bmenis asin\u012bs, organisms tiek pasarg\u0101ts no asinsvadu p\u0101rka\u013c\u0137o\u0161an\u0101s, tiek normaliz\u0113ts asinsspiediens, radioakt\u012bv\u0101s vielas tiek izvad\u012btas no organisma, piem\u012bt sp\u0113c\u012bga pretv\u0113\u017ea un pretv\u012brusu iedarb\u012bba. Vitam\u012bni un citas biolo\u0123iski akt\u012bvas vielas, kas sastopamas \u0161itaki s\u0113n\u0113s, profilaktiski pasarg\u0101 no slim\u012bb\u0101m, stimul\u0113jot im\u016bnsist\u0113mas darb\u012bbu.<\/p>\n<p><strong>Sast\u0101vs: <\/strong>\u0161itaki s\u0113\u0146u pulveris (1 kapsul\u0101 &#8211; 200 mg), \u017eelat\u012bns<\/p>\n<p><strong>Ieteicam\u0101 uztura bag\u0101tin\u0101t\u0101ja diennakts deva: <\/strong>3 kapsulas pirms \u0113\u0161anas, uzdzerot 100 ml \u016bdens.<\/p>\n<p><strong>Lieto\u0161anas ierobe\u017eojumi:<\/strong> individu\u0101la produkta nepanes\u012bba. Nelietot gr\u016btniec\u012bbas un b\u0113rna z\u012bd\u012b\u0161anas laik\u0101.<\/p>\n","protected":false},"featured_media":1230,"comment_status":"open","ping_status":"closed","template":"","meta":[],"product_brand":[],"product_cat":[18],"product_tag":[],"class_list":{"0":"post-74","1":"product","2":"type-product","3":"status-publish","4":"has-post-thumbnail","6":"product_cat-shitaki","8":"first","9":"instock","10":"shipping-taxable","11":"purchasable","12":"product-type-simple"},"_links":{"self":[{"href":"http:\/\/shitakeshop.lv\/index.php?rest_route=\/wp\/v2\/product\/74","targetHints":{"allow":["GET"]}}],"collection":[{"href":"http:\/\/shitakeshop.lv\/index.php?rest_route=\/wp\/v2\/product"}],"about":[{"href":"http:\/\/shitakeshop.lv\/index.php?rest_route=\/wp\/v2\/types\/product"}],"replies":[{"embeddable":true,"href":"http:\/\/shitakeshop.lv\/index.php?rest_route=%2Fwp%2Fv2%2Fcomments&post=74"}],"wp:featuredmedia":[{"embeddable":true,"href":"http:\/\/shitakeshop.lv\/index.php?rest_route=\/wp\/v2\/media\/1230"}],"wp:attachment":[{"href":"http:\/\/shitakeshop.lv\/index.php?rest_route=%2Fwp%2Fv2%2Fmedia&parent=74"}],"wp:term":[{"taxonomy":"product_brand","embeddable":true,"href":"http:\/\/shitakeshop.lv\/index.php?rest_route=%2Fwp%2Fv2%2Fproduct_brand&post=74"},{"taxonomy":"product_cat","embeddable":true,"href":"http:\/\/shitakeshop.lv\/index.php?rest_route=%2Fwp%2Fv2%2Fproduct_cat&post=74"},{"taxonomy":"product_tag","embeddable":true,"href":"http:\/\/shitakeshop.lv\/index.php?rest_route=%2Fwp%2Fv2%2Fproduct_tag&post=74"}],"curies":[{"name":"wp","href":"https:\/\/api.w.org\/{rel}","templated":true}]}}