{"id":676,"date":"2023-06-16T18:08:55","date_gmt":"2023-06-16T15:08:55","guid":{"rendered":"https:\/\/shitakeshop.lv\/?post_type=product&#038;p=676"},"modified":"2026-01-30T12:47:03","modified_gmt":"2026-01-30T10:47:03","slug":"sitaki-inokulators","status":"publish","type":"product","link":"http:\/\/shitakeshop.lv\/?product=sitaki-inokulators","title":{"rendered":"\u0160itake s\u0113\u0146u mic\u0113lija inokulators GR-1076 (ba\u013c\u0137\u012b\u0161u apstad\u012b\u0161anai)"},"content":{"rendered":"<p>V\u0113laties \u0160itake s\u0113nes audz\u0113t pa\u0161i, ir v\u0113rts pam\u0113\u0123in\u0101t! S\u0113\u0146u audz\u0113\u0161ana uz ba\u013c\u0137\u012b\u0161iem ir interesanta un izzino\u0161a nodarbo\u0161an\u0101s, kas prasa laiku un paciet\u012bbu. Bet, ja ir v\u0113l\u0113\u0161an\u0101s ieguld\u012bt\u0101s r\u016bpes attaisnojas un var\u0113siet baud\u012bt jap\u0101\u0146u imperatoru s\u0113nes. Inokulators\u00a0 vieglai un \u0113rtai s\u0113\u0146u mic\u0113lija st\u0101d\u012b\u0161anai ba\u013c\u0137\u012b\u0161os. Nav nepiecie\u0161amas priek\u0161zin\u0101\u0161anas.<\/p>\n<p>&nbsp;<\/p>\n<p>&nbsp;<\/p>\n","protected":false},"excerpt":{"rendered":"<p>&nbsp;<\/p>\n<p>V\u0113laties \u0160itake s\u0113nes audz\u0113t pa\u0161i, ir v\u0113rts pam\u0113\u0123in\u0101t! S\u0113\u0146u audz\u0113\u0161ana uz ba\u013c\u0137\u012b\u0161iem ir interesanta un izzino\u0161a nodarbo\u0161an\u0101s, kas prasa laiku un paciet\u012bbu. Bet, ja ir v\u0113l\u0113\u0161an\u0101s ieguld\u012bt\u0101s r\u016bpes attaisnojas un var\u0113siet baud\u012bt jap\u0101\u0146u imperatoru s\u0113nes. Izs\u0113jas norma 3-4 iepakojumi (9-12 L) uz 1 m3. Varam pied\u0101v\u0101t ar\u012b apst\u0101d\u012btus ba\u013c\u0137\u012b\u0161us.<\/p>\n<p>Pied\u0101v\u0101jums atkar\u012bgs no s\u0113\u0146u st\u0101d\u012b\u0161anas sezonas.<\/p>\n","protected":false},"featured_media":1176,"comment_status":"open","ping_status":"closed","template":"","meta":[],"product_brand":[],"product_cat":[18],"product_tag":[],"class_list":{"0":"post-676","1":"product","2":"type-product","3":"status-publish","4":"has-post-thumbnail","6":"product_cat-shitaki","8":"first","9":"instock","10":"sale","11":"shipping-taxable","12":"purchasable","13":"product-type-simple"},"_links":{"self":[{"href":"http:\/\/shitakeshop.lv\/index.php?rest_route=\/wp\/v2\/product\/676","targetHints":{"allow":["GET"]}}],"collection":[{"href":"http:\/\/shitakeshop.lv\/index.php?rest_route=\/wp\/v2\/product"}],"about":[{"href":"http:\/\/shitakeshop.lv\/index.php?rest_route=\/wp\/v2\/types\/product"}],"replies":[{"embeddable":true,"href":"http:\/\/shitakeshop.lv\/index.php?rest_route=%2Fwp%2Fv2%2Fcomments&post=676"}],"wp:featuredmedia":[{"embeddable":true,"href":"http:\/\/shitakeshop.lv\/index.php?rest_route=\/wp\/v2\/media\/1176"}],"wp:attachment":[{"href":"http:\/\/shitakeshop.lv\/index.php?rest_route=%2Fwp%2Fv2%2Fmedia&parent=676"}],"wp:term":[{"taxonomy":"product_brand","embeddable":true,"href":"http:\/\/shitakeshop.lv\/index.php?rest_route=%2Fwp%2Fv2%2Fproduct_brand&post=676"},{"taxonomy":"product_cat","embeddable":true,"href":"http:\/\/shitakeshop.lv\/index.php?rest_route=%2Fwp%2Fv2%2Fproduct_cat&post=676"},{"taxonomy":"product_tag","embeddable":true,"href":"http:\/\/shitakeshop.lv\/index.php?rest_route=%2Fwp%2Fv2%2Fproduct_tag&post=676"}],"curies":[{"name":"wp","href":"https:\/\/api.w.org\/{rel}","templated":true}]}}