{"id":220,"date":"2020-10-27T11:35:13","date_gmt":"2020-10-27T09:35:13","guid":{"rendered":"http:\/\/shitakeshop.lv\/?post_type=product&#038;p=220"},"modified":"2026-02-24T13:32:04","modified_gmt":"2026-02-24T11:32:04","slug":"sitake_dziedinosa_sene","status":"publish","type":"product","link":"http:\/\/shitakeshop.lv\/?product=sitake_dziedinosa_sene","title":{"rendered":"Gr\u0101mata \u0160ITAKE &#8211; dziedino\u0161\u0101 s\u0113ne"},"content":{"rendered":"<p>\u0160itake s\u0113nes austrumu zem\u0113s lietoja jau kop\u0161 sen-seniem laikiem, atkl\u0101jot ne tikai izcilas gar\u0161as \u012bpatn\u012bbas, bet ar\u012b dziedniecisk\u0101s \u012bpa\u0161\u012bbas. Tas veicin\u0101ja \u0161o s\u0113\u0146u izplat\u012bbu ar\u012b ASV, Kan\u0101d\u0101, ar\u012b Eirop\u0101. \u0160itake s\u0113nes pasaul\u0113 ir nov\u0113rt\u0113tas k\u0101 kulin\u0101rijas delikatese, jo t\u0101s satur augstv\u0113rt\u012bgas bar\u012bbas vielas un t\u0101m piem\u012bt \u013coti pat\u012bkama kr\u0113juma un riekstu gar\u0161a. \u0160itake s\u0113nes ir dz\u012bv\u012bbas eliks\u012brs, kas dod ener\u0123iju gan fizisk\u0101, gan gar\u012bg\u0101 darba veic\u0113jiem. Vitam\u012bni un citas biolo\u0123iski akt\u012bvas vielas, kas sastopamas \u0161itake s\u0113n\u0113s\u00a0 paaugstina im\u016bnsist\u0113mu.<\/p>\n","protected":false},"excerpt":{"rendered":"<p>\u0160itake s\u0113nes austrumu zem\u0113s lietoja jau kop\u0161 sen-seniem laikiem, atkl\u0101jot ne tikai izcilas gar\u0161as \u012bpatn\u012bbas, bet ar\u012b dziedniecisk\u0101s \u012bpa\u0161\u012bbas. Tas veicin\u0101ja \u0161o s\u0113\u0146u izplat\u012bbu ar\u012b ASV, Kan\u0101d\u0101, ar\u012b Eirop\u0101. \u0160itake<a href=\"http:\/\/shitakeshop.lv\/?product=sitake_dziedinosa_sene\" class=\"d-block breadmore\">Read More<\/a><\/p>\n","protected":false},"featured_media":1174,"comment_status":"closed","ping_status":"closed","template":"","meta":[],"product_brand":[],"product_cat":[18],"product_tag":[],"class_list":{"0":"post-220","1":"product","2":"type-product","3":"status-publish","4":"has-post-thumbnail","6":"product_cat-shitaki","8":"first","9":"instock","10":"shipping-taxable","11":"purchasable","12":"product-type-simple"},"_links":{"self":[{"href":"http:\/\/shitakeshop.lv\/index.php?rest_route=\/wp\/v2\/product\/220","targetHints":{"allow":["GET"]}}],"collection":[{"href":"http:\/\/shitakeshop.lv\/index.php?rest_route=\/wp\/v2\/product"}],"about":[{"href":"http:\/\/shitakeshop.lv\/index.php?rest_route=\/wp\/v2\/types\/product"}],"replies":[{"embeddable":true,"href":"http:\/\/shitakeshop.lv\/index.php?rest_route=%2Fwp%2Fv2%2Fcomments&post=220"}],"wp:featuredmedia":[{"embeddable":true,"href":"http:\/\/shitakeshop.lv\/index.php?rest_route=\/wp\/v2\/media\/1174"}],"wp:attachment":[{"href":"http:\/\/shitakeshop.lv\/index.php?rest_route=%2Fwp%2Fv2%2Fmedia&parent=220"}],"wp:term":[{"taxonomy":"product_brand","embeddable":true,"href":"http:\/\/shitakeshop.lv\/index.php?rest_route=%2Fwp%2Fv2%2Fproduct_brand&post=220"},{"taxonomy":"product_cat","embeddable":true,"href":"http:\/\/shitakeshop.lv\/index.php?rest_route=%2Fwp%2Fv2%2Fproduct_cat&post=220"},{"taxonomy":"product_tag","embeddable":true,"href":"http:\/\/shitakeshop.lv\/index.php?rest_route=%2Fwp%2Fv2%2Fproduct_tag&post=220"}],"curies":[{"name":"wp","href":"https:\/\/api.w.org\/{rel}","templated":true}]}}