{"id":199,"date":"2020-10-12T20:50:00","date_gmt":"2020-10-12T17:50:00","guid":{"rendered":"http:\/\/shitakeshop.lv\/?post_type=product&#038;p=199"},"modified":"2026-03-17T19:46:23","modified_gmt":"2026-03-17T17:46:23","slug":"sitaki-senu-maisijums-sviestam-20-g","status":"publish","type":"product","link":"http:\/\/shitakeshop.lv\/?product=sitaki-senu-maisijums-sviestam-20-g","title":{"rendered":"\u0160itake s\u0113\u0146u mais\u012bjums sviestam 20 g."},"content":{"rendered":"<p><strong>Jauna recepte gard\u0113\u017eiem!\u00a0<\/strong><\/p>\n<p>Iepakojuma saturu sajaucam ar vienu paci\u0146u sviesta (istabas temperat\u016br\u0101), tad uz vienu stundu ieliekam ledusskap\u012b.<\/p>\n<p>Sviests gatavs lieto\u0161anai!<\/p>\n","protected":false},"excerpt":{"rendered":"<p>Biolo\u0123iski audz\u0113tu \u0161itake s\u0113\u0146u pulveris, kas paredz\u0113ts pievieno\u0161anai sviestam, lai ikvienu maizes riku padar\u012btu par \u012bpa\u0161u gar\u0161as baud\u012bjumu. \u0160itake s\u0113nes pasaul\u0113 ir nov\u0113rt\u0113tas k\u0101 kulin\u0101rijas delikatese, jo t\u0101s ir izcils olbaltumvielu un og\u013chidr\u0101tu avots. T\u0101s ir bag\u0101tas ar B un D vitam\u012bniem, k\u0101 ar\u012b ar miner\u0101lviel\u0101m &#8211; dzelzi, fosforu, varu, cinku, k\u0101liju, mang\u0101nu, sl\u0101pekli, n\u0101triju, kalciju, magniju.<\/p>\n<p><strong>Ener\u0123\u0113tisk\u0101 v\u0113rt\u012bba uz 100g produkta: <\/strong><\/p>\n<ul>\n<li>ener\u0123\u0113tisk\u0101 v\u0113rt\u012bba 977 kJ\/ 233 kcal<\/li>\n<li>tauki: 1,2g, no tiem pies\u0101tin\u0101t\u0101s tauksk\u0101bes 0,3g<\/li>\n<li>og\u013chidr\u0101ti: 68,4g, no kuriem cukuri 13,7g<\/li>\n<li>\u0161kiedrvielas: 10,9g<\/li>\n<li>olbaltumvielas: 9,58g.<\/li>\n<\/ul>\n<p><strong>Sast\u0101vs:<\/strong> \u0161itake s\u0113\u0146u pulveris 92%, Himalaju melnais s\u0101ls<\/p>\n<p><strong>Lieto\u0161ana:<\/strong> iepakojuma saturu samaisiet ar 1 paci\u0146u sviesta, uz 1 stundu ielieciet ledusskap\u012b.<\/p>\n","protected":false},"featured_media":1227,"comment_status":"open","ping_status":"closed","template":"","meta":[],"product_brand":[],"product_cat":[18],"product_tag":[],"class_list":{"0":"post-199","1":"product","2":"type-product","3":"status-publish","4":"has-post-thumbnail","6":"product_cat-shitaki","8":"first","9":"instock","10":"shipping-taxable","11":"purchasable","12":"product-type-simple"},"_links":{"self":[{"href":"http:\/\/shitakeshop.lv\/index.php?rest_route=\/wp\/v2\/product\/199","targetHints":{"allow":["GET"]}}],"collection":[{"href":"http:\/\/shitakeshop.lv\/index.php?rest_route=\/wp\/v2\/product"}],"about":[{"href":"http:\/\/shitakeshop.lv\/index.php?rest_route=\/wp\/v2\/types\/product"}],"replies":[{"embeddable":true,"href":"http:\/\/shitakeshop.lv\/index.php?rest_route=%2Fwp%2Fv2%2Fcomments&post=199"}],"wp:featuredmedia":[{"embeddable":true,"href":"http:\/\/shitakeshop.lv\/index.php?rest_route=\/wp\/v2\/media\/1227"}],"wp:attachment":[{"href":"http:\/\/shitakeshop.lv\/index.php?rest_route=%2Fwp%2Fv2%2Fmedia&parent=199"}],"wp:term":[{"taxonomy":"product_brand","embeddable":true,"href":"http:\/\/shitakeshop.lv\/index.php?rest_route=%2Fwp%2Fv2%2Fproduct_brand&post=199"},{"taxonomy":"product_cat","embeddable":true,"href":"http:\/\/shitakeshop.lv\/index.php?rest_route=%2Fwp%2Fv2%2Fproduct_cat&post=199"},{"taxonomy":"product_tag","embeddable":true,"href":"http:\/\/shitakeshop.lv\/index.php?rest_route=%2Fwp%2Fv2%2Fproduct_tag&post=199"}],"curies":[{"name":"wp","href":"https:\/\/api.w.org\/{rel}","templated":true}]}}