{"id":1213,"date":"2026-02-04T00:11:38","date_gmt":"2026-02-03T22:11:38","guid":{"rendered":"https:\/\/shitakeshop.lv\/?post_type=product&#038;p=1213"},"modified":"2026-03-17T19:45:31","modified_gmt":"2026-03-17T17:45:31","slug":"kaltetas-sitake-senes-50g","status":"publish","type":"product","link":"http:\/\/shitakeshop.lv\/?product=kaltetas-sitake-senes-50g","title":{"rendered":"Kalt\u0113tas \u0161itake s\u0113nes 50g"},"content":{"rendered":"<p>Biolo\u0123iski sertific\u0113tas \u0161itake s\u0113nes audz\u0113tas uz lapu koku ba\u013c\u0137iem.<\/p>\n<p>\u0160itake s\u0113nes austrumu zem\u0113s lietoja jau kop\u0161 sen-seniem laikiem, atkl\u0101jot ne tikai izcilas gar\u0161as \u012bpatn\u012bbas, bet ar\u012b dziedniecisk\u0101s \u012bpa\u0161\u012bbas. Tas veicin\u0101ja \u0161o s\u0113\u0146u izplat\u012bbu ar\u012b ASV, Kan\u0101d\u0101, ar\u012b Eirop\u0101. Pie mums t\u0101s atce\u013coja pag\u0101ju\u0161\u0101 gadsimta 90.gadu s\u0101kum\u0101 no Kan\u0101das ar Andra g\u0101d\u012bbu. \u0160obr\u012bd t\u0101s sastopamas \u0161eit-Latvij\u0101, Kurzem\u0113, &#8220;Gar\u012bk\u0101s&#8221;. \u0160itake s\u0113nes pasaul\u0113 ir nov\u0113rt\u0113tas k\u0101 kulin\u0101rijas delikatese, jo t\u0101s satur augstv\u0113rt\u012bgas bar\u012bbas vielas un t\u0101m piem\u012bt \u013coti pat\u012bkama kr\u0113juma un riekstu gar\u0161a. \u0160itaked s\u0113nes ir dz\u012bv\u012bbas eliks\u012brs, kas dod ener\u0123iju gan fizisk\u0101, gan gar\u012bg\u0101 darba veic\u0113jiem. Vitam\u012bni un citas biolo\u0123iski akt\u012bvas vielas, kas sastopamas \u0161itake s\u0113n\u0113s, profilaktiski pasarg\u0101 no slim\u012bb\u0101m.<\/p>\n<p><strong>100g produkta satur:<\/strong><\/p>\n<ul>\n<li>ener\u0123\u0113tisk\u0101 v\u0113rt\u012bba 977kJ\/233kcal;<\/li>\n<li>olbaltumvielas 9,58g;<\/li>\n<li>og\u013chidr\u0101ti 68,4g,<\/li>\n<li>\u00a0 \u00a0 \u00a0 no tiem\u00a0cukuri 13,7g;<\/li>\n<li>tauki 1,2g,<\/li>\n<li>\u00a0 \u00a0 \u00a0 no tiem pies\u0101tin\u0101t\u0101s tauksk\u0101bes 0,3g;<\/li>\n<li>\u0161\u0137iedrvielas 10,9g;<\/li>\n<li>s\u0101ls 0g.<\/li>\n<\/ul>\n","protected":false},"excerpt":{"rendered":"<p>Biolo\u0123iski audz\u0113tas, kalt\u0113tas \u0161itake s\u0113nes, kas ikvienam \u0113dienam pie\u0161\u0137irs izsmalcin\u0101tu gar\u0161u. \u0160itaki s\u0113nes tiek uzskat\u012btas par vien\u0101m no pasaules v\u0113rt\u012bg\u0101kaj\u0101m s\u0113n\u0113m, jo t\u0101s ir lielisks olbaltumvielu, og\u013chidr\u0101tu un vitam\u012bnu (B1, B2, D, B3) avots, k\u0101 ar\u012b t\u0101s ir bag\u0101tas ar miner\u0101lviel\u0101m &#8211; dzelzi, fosforu, varu, cinku, k\u0101liju, mang\u0101nu, sl\u0101pekli, n\u0101triju, kalciju, magniju.<\/p>\n<p><strong>Ener\u0123\u0113tisk\u0101 v\u0113rt\u012bba uz 100g produkta: <\/strong><\/p>\n<ul>\n<li>ener\u0123\u0113tisk\u0101 v\u0113rt\u012bba 977 kJ\/ 233 kcal<\/li>\n<li>tauki: 1,2g, no tiem pies\u0101tin\u0101t\u0101s tauksk\u0101bes 0,3g<\/li>\n<li>og\u013chidr\u0101ti: 68,4g, no kuriem cukuri 13,7g<\/li>\n<li>\u0161kiedrvielas: 10,9g<\/li>\n<li>olbaltumvielas: 9,58g.<\/li>\n<\/ul>\n<p><strong>Lieto\u0161ana:<\/strong> m\u0113rc\u0113 silt\u0101 \u016bden\u012b 2 stundas. Apcep taukviel\u0101s. Pievieno m\u0113rc\u0113m, zup\u0101m, sal\u0101tiem, omlet\u0113m, ga\u013cas un zivju \u0113dieniem. Neaizst\u0101jams produkts pie da\u017e\u0101d\u0101m m\u0113rc\u0113m.<\/p>\n","protected":false},"featured_media":1226,"comment_status":"closed","ping_status":"closed","template":"","meta":[],"product_brand":[],"product_cat":[18],"product_tag":[],"class_list":{"0":"post-1213","1":"product","2":"type-product","3":"status-publish","4":"has-post-thumbnail","6":"product_cat-shitaki","8":"first","9":"instock","10":"shipping-taxable","11":"purchasable","12":"product-type-simple"},"_links":{"self":[{"href":"http:\/\/shitakeshop.lv\/index.php?rest_route=\/wp\/v2\/product\/1213","targetHints":{"allow":["GET"]}}],"collection":[{"href":"http:\/\/shitakeshop.lv\/index.php?rest_route=\/wp\/v2\/product"}],"about":[{"href":"http:\/\/shitakeshop.lv\/index.php?rest_route=\/wp\/v2\/types\/product"}],"replies":[{"embeddable":true,"href":"http:\/\/shitakeshop.lv\/index.php?rest_route=%2Fwp%2Fv2%2Fcomments&post=1213"}],"wp:featuredmedia":[{"embeddable":true,"href":"http:\/\/shitakeshop.lv\/index.php?rest_route=\/wp\/v2\/media\/1226"}],"wp:attachment":[{"href":"http:\/\/shitakeshop.lv\/index.php?rest_route=%2Fwp%2Fv2%2Fmedia&parent=1213"}],"wp:term":[{"taxonomy":"product_brand","embeddable":true,"href":"http:\/\/shitakeshop.lv\/index.php?rest_route=%2Fwp%2Fv2%2Fproduct_brand&post=1213"},{"taxonomy":"product_cat","embeddable":true,"href":"http:\/\/shitakeshop.lv\/index.php?rest_route=%2Fwp%2Fv2%2Fproduct_cat&post=1213"},{"taxonomy":"product_tag","embeddable":true,"href":"http:\/\/shitakeshop.lv\/index.php?rest_route=%2Fwp%2Fv2%2Fproduct_tag&post=1213"}],"curies":[{"name":"wp","href":"https:\/\/api.w.org\/{rel}","templated":true}]}}