{"id":3,"date":"2020-09-21T11:47:26","date_gmt":"2020-09-21T08:47:26","guid":{"rendered":"http:\/\/shitakeshop.lv\/?page_id=3"},"modified":"2020-10-06T22:10:50","modified_gmt":"2020-10-06T19:10:50","slug":"privatuma-politika","status":"publish","type":"page","link":"http:\/\/shitakeshop.lv\/?page_id=3","title":{"rendered":"Noteikumi"},"content":{"rendered":"\n<p>Latvijas republikas likumdo\u0161ana nosaka, ka interneta veikala \u012bpa\u0161niekam ir j\u0101atrun\u0101 pre\u010du pieg\u0101des un atgrie\u0161anas noteikumi, k\u0101 ar\u012b atteikuma ties\u012bbas. \u0160\u0101du atrunu sauc par distances l\u012bgumu (<a href=\"http:\/\/likumi.lv\/doc.php?id=266462\" target=\"_blank\" rel=\"noreferrer noopener\">MK noteikumi<\/a>).<\/p>\n\n\n\n<h2 class=\"wp-block-heading\">Distances l\u012bgums&nbsp;<\/h2>\n\n\n\n<p>\u0160aj\u0101 Interneta veikal\u0101 pied\u0101v\u0101to pre\u010du p\u0101rdev\u0113js no vienas puses, turpm\u0101k saukts P\u0101rdev\u0113js, un persona, kas veic pas\u016bt\u012bjumu, turpm\u0101k saukta Pirc\u0113js, no otras puses, nosl\u0113dz \u0161\u0101du L\u012bgumu:P\u0101rdev\u0113js ap\u0146emas p\u0101rdot un pieg\u0101d\u0101t Pirc\u0113jam preces, atbilsto\u0161i Pirc\u0113ja pas\u016bt\u012bjumam.<\/p>\n\n\n\n<h3 class=\"wp-block-heading\">Pieg\u0101des un samaksas k\u0101rt\u012bba<\/h3>\n\n\n\n<p>Pirc\u0113js veic pre\u010du pas\u016bt\u012b\u0161anu caur \u0161o m\u0101jas lapu, nor\u0101dot pas\u016bt\u0101mo pre\u010du veidu un daudzumu. Pirc\u0113jam ir iesp\u0113ja veikt apmaksu par preci apmaks\u0101jot p\u0101rdev\u0113ja sagatavoto un Pirc\u0113jam pa e-pastu nos\u016bt\u012bto pas\u016bt\u012bjumam atbilsto\u0161o r\u0113\u0137inu. R\u0113\u0137ins tiek sagatavots elektroniski un ir der\u012bgs bez paraksta.P\u0101rdev\u0113js nodro\u0161ina pre\u010du pieg\u0101di 5 dienu laik\u0101 kop\u0161 ir sa\u0146emta apmaksa par preci, pieg\u0101des laiku saska\u0146ojot ar Pirc\u0113ju.<\/p>\n\n\n\n<h3 class=\"wp-block-heading\">Atteikuma ties\u012bbas<\/h3>\n\n\n\n<p>Pirc\u0113jam ir ties\u012bbas atteikties no preces 14 kalend\u0101ro dienu laik\u0101 no Preces sa\u0146em\u0161anas br\u012b\u017ea, nos\u016btot P\u0101rdev\u0113jam par to atteikuma v\u0113stuli. Atteikuma v\u0113stules veidlapu P\u0101rdev\u0113js nos\u016bta Pirc\u0113jam pa e-pastu p\u0113c Pirc\u0113ja piepras\u012bjuma.<\/p>\n\n\n\n<p>Pirc\u0113ja pien\u0101kums ir 7 dienu laik\u0101 p\u0113c atteikuma v\u0113stules nos\u016bt\u012b\u0161anas atdot preci P\u0101rdev\u0113jam. Visus izdevumus, kas rad\u012bsies saist\u012bb\u0101 ar preces nos\u016bt\u012b\u0161anu atpaka\u013c P\u0101rdev\u0113jam, sedz Pirc\u0113js.<\/p>\n\n\n\n<p>Pirc\u0113js nevar izmantot atteikuma ties\u012bbas, ja:<\/p>\n\n\n\n<ul class=\"wp-block-list\"><li>pas\u016bt\u012bt\u0101s preces p\u0113c to rakstura nevar atdot atpaka\u013c, vai t\u0101s \u0101tri boj\u0101jas vai ir \u0101tri izlietojamas;<\/li><li>pas\u016bt\u012bt\u0101s preces ir izgatavotas tie\u0161i Pirc\u0113jam p\u0113c individu\u0101la pas\u016bt\u012bjuma;<\/li><li>pirc\u0113js ir atv\u0113ris audioierakstu vai videoierakstu, vai datorprogrammu iepakojumu.<\/li><\/ul>\n\n\n\n<p>Latvijas Republikas Pat\u0113r\u0113t\u0101ju ties\u012bbu aizsardz\u012bbas likuma 12. panta sest\u0101 da\u013ca nosaka, ka &#8220;pat\u0113r\u0113t\u0101js ir atbild\u012bgs par preces kvalit\u0101tes un dro\u0161uma saglab\u0101\u0161anu atteikuma ties\u012bbu realiz\u0113\u0161anas termi\u0146\u0101&#8221;. P\u0101rdev\u0113js patur ties\u012bbas Pirc\u0113jam atteikt izmantot atteikuma ties\u012bbas vai ietur\u0113t kompens\u0101cijas maksu gad\u012bjum\u0101, ja prece ir boj\u0101ta, lieto\u0161anas laik\u0101 nev\u0113r\u012bgi izturoties pret preci vai neiev\u0113rojot instrukcijas nor\u0101d\u012bjumus, ja ir nozaud\u0113ts preces ori\u0123in\u0101lais iepakojums vai ja t\u0101s iepakojums ir b\u016btiski boj\u0101ts.<\/p>\n\n\n\n<h3 class=\"wp-block-heading\"><\/h3>\n\n\n\n<p><\/p>\n","protected":false},"excerpt":{"rendered":"<p>Latvijas republikas likumdo\u0161ana nosaka, ka interneta veikala \u012bpa\u0161niekam ir j\u0101atrun\u0101 pre\u010du pieg\u0101des un atgrie\u0161anas noteikumi, k\u0101 ar\u012b atteikuma ties\u012bbas. \u0160\u0101du atrunu sauc par distances l\u012bgumu (MK noteikumi). Distances l\u012bgums&nbsp; \u0160aj\u0101<a href=\"http:\/\/shitakeshop.lv\/?page_id=3\" class=\"d-block breadmore\">Read More<\/a><\/p>\n","protected":false},"author":1,"featured_media":0,"parent":0,"menu_order":0,"comment_status":"closed","ping_status":"closed","template":"","meta":{"footnotes":""},"class_list":["post-3","page","type-page","status-publish","hentry"],"_links":{"self":[{"href":"http:\/\/shitakeshop.lv\/index.php?rest_route=\/wp\/v2\/pages\/3","targetHints":{"allow":["GET"]}}],"collection":[{"href":"http:\/\/shitakeshop.lv\/index.php?rest_route=\/wp\/v2\/pages"}],"about":[{"href":"http:\/\/shitakeshop.lv\/index.php?rest_route=\/wp\/v2\/types\/page"}],"author":[{"embeddable":true,"href":"http:\/\/shitakeshop.lv\/index.php?rest_route=\/wp\/v2\/users\/1"}],"replies":[{"embeddable":true,"href":"http:\/\/shitakeshop.lv\/index.php?rest_route=%2Fwp%2Fv2%2Fcomments&post=3"}],"version-history":[{"count":6,"href":"http:\/\/shitakeshop.lv\/index.php?rest_route=\/wp\/v2\/pages\/3\/revisions"}],"predecessor-version":[{"id":79,"href":"http:\/\/shitakeshop.lv\/index.php?rest_route=\/wp\/v2\/pages\/3\/revisions\/79"}],"wp:attachment":[{"href":"http:\/\/shitakeshop.lv\/index.php?rest_route=%2Fwp%2Fv2%2Fmedia&parent=3"}],"curies":[{"name":"wp","href":"https:\/\/api.w.org\/{rel}","templated":true}]}}