{"id":152,"date":"2020-10-06T22:14:08","date_gmt":"2020-10-06T19:14:08","guid":{"rendered":"http:\/\/shitakeshop.lv\/?page_id=152"},"modified":"2025-08-15T00:41:06","modified_gmt":"2025-08-14T21:41:06","slug":"par-mums","status":"publish","type":"page","link":"http:\/\/shitakeshop.lv\/?page_id=152","title":{"rendered":"Par mums"},"content":{"rendered":"\n<p><\/p>\n\n\n\n<h2 class=\"wp-block-heading\">\u0160itake s\u0113nes \u2013 Jap\u0101nas zelts Latvij\u0101!<\/h2>\n\n\n\n<p>Esi sveicin\u0101ts m\u016bsu m\u0101jas lap\u0101! \u0160eit atrad\u012bsi receptes iedvesmai, veikalu pirkumiem un m\u016bsu kontaktus sazi\u0146ai. Dal\u012bsimies ar sav\u0101m zin\u0101\u0161an\u0101m k\u0101 pagatavot \u0161itake s\u0113nes, k\u0101 ar\u012b past\u0101st\u012bsim k\u0101dos veidos v\u0113l t\u0101s lietojamas.<\/p>\n\n\n\n<p>Viesu m\u0101ja &#8220;Gar\u012bkas&#8221; atrodas Kurzemes vidien\u0113, starp div\u0101m mazpils\u0113t\u0101m Skrundu un Aizputi. Uz m\u0101ju ved simtgad\u012bga liepu aleja, t\u0101l\u0101k pla\u0161a apk\u0101rtne, kur\u0101 katrs viesis var justies netrauc\u0113ts. Viesu m\u0101ja iek\u0101rtota sen\u0101, neliel\u0101 lauku mui\u017eas \u0113k\u0101. Saimnieki nodarbojas ar netradicion\u0101lo lauksaimniec\u012bbu-\u0161itake s\u0113\u0146u audz\u0113\u0161anu. Gaid\u0101m uz atp\u016btu gan \u0123imenes, gan liel\u0101kus radu un draugu pulkus, gan darba kol\u0113\u0123us.<\/p>\n\n\n\n<iframe loading=\"lazy\" width=\"620\" height=\"370\" src=\"https:\/\/www.youtube.com\/embed\/3VIrywN3AUY\" frameborder=\"0\" allow=\"accelerometer; autoplay; encrypted-media; gyroscope; picture-in-picture\" allowfullscreen=\"\"><\/iframe>\n\n\n\n<p>&#8220;Gar\u012bkas&#8221;, Rudb\u0101r\u017eu pagasts, Kuld\u012bgas novads, LV-3325, Latvija<br>T\u0101lr. (+371) 29147778<br>E-pasts: <a href=\"mailto:info@garikas.lv\" target=\"_blank\" rel=\"noreferrer noopener\">info@garikas.lv<\/a><\/p>\n\n\n\n<p class=\"has-text-align-center\"><a href=\"http:\/\/www.garikas.lv\" data-type=\"URL\" data-id=\"www.garikas.lv\" target=\"_blank\" rel=\"noreferrer noopener\">www.garikas.lv<\/a><\/p>\n\n\n\n<p>Braucot pa autoce\u013cu R\u012bga-Liep\u0101ja (A9) no R\u012bgas, izbrauciet cauri Skrundai. 300m aiz Skrundas pils\u0113tas robe\u017eas labaj\u0101 pus\u0113 ir ce\u013ca z\u012bme &#8220;Aizpute 27&#8221; (P117). Pa \u0161o ce\u013cu Aizputes virzien\u0101 brauciet 8,2km l\u012bdz kreisaj\u0101 pus\u0113 ieraudz\u012bsiet z\u012bmi &#8220;Gar\u012bkas, \u0161itaki s\u0113nes&#8221;. Nogriezieties pa labi un brauciet v\u0113l apm\u0113ram 1,4km l\u012bdz viesu m\u0101jai &#8220;Gar\u012bkas&#8221;.<\/p>\n\n\n\n<div class=\"wp-block-group\"><div class=\"wp-block-group__inner-container is-layout-flow wp-block-group-is-layout-flow\">\n<iframe loading=\"lazy\" src=\"https:\/\/www.google.com\/maps\/embed?pb=!1m18!1m12!1m3!1d2190.3871635753135!2d21.869181851689277!3d56.70196098072375!2m3!1f0!2f0!3f0!3m2!1i1024!2i768!4f13.1!3m3!1m2!1s0x46efef4861e89461%3A0x39713555690506e!2zVmllc3UgbcSBamEgR2FyxKtrYXM!5e0!3m2!1sen!2slv!4v1597389168320!5m2!1sen!2slv\" width=\"600\" height=\"450\" frameborder=\"0\" style=\"border:0;\" allowfullscreen=\"\" aria-hidden=\"false\" tabindex=\"0\"><\/iframe>\n<\/div><\/div>\n","protected":false},"excerpt":{"rendered":"<p>\u0160itake s\u0113nes \u2013 Jap\u0101nas zelts Latvij\u0101! Esi sveicin\u0101ts m\u016bsu m\u0101jas lap\u0101! \u0160eit atrad\u012bsi receptes iedvesmai, veikalu pirkumiem un m\u016bsu kontaktus sazi\u0146ai. Dal\u012bsimies ar sav\u0101m zin\u0101\u0161an\u0101m k\u0101 pagatavot \u0161itake s\u0113nes, k\u0101<a href=\"http:\/\/shitakeshop.lv\/?page_id=152\" class=\"d-block breadmore\">Read More<\/a><\/p>\n","protected":false},"author":1,"featured_media":0,"parent":0,"menu_order":-5,"comment_status":"open","ping_status":"closed","template":"","meta":{"footnotes":""},"class_list":["post-152","page","type-page","status-publish","hentry"],"_links":{"self":[{"href":"http:\/\/shitakeshop.lv\/index.php?rest_route=\/wp\/v2\/pages\/152","targetHints":{"allow":["GET"]}}],"collection":[{"href":"http:\/\/shitakeshop.lv\/index.php?rest_route=\/wp\/v2\/pages"}],"about":[{"href":"http:\/\/shitakeshop.lv\/index.php?rest_route=\/wp\/v2\/types\/page"}],"author":[{"embeddable":true,"href":"http:\/\/shitakeshop.lv\/index.php?rest_route=\/wp\/v2\/users\/1"}],"replies":[{"embeddable":true,"href":"http:\/\/shitakeshop.lv\/index.php?rest_route=%2Fwp%2Fv2%2Fcomments&post=152"}],"version-history":[{"count":18,"href":"http:\/\/shitakeshop.lv\/index.php?rest_route=\/wp\/v2\/pages\/152\/revisions"}],"predecessor-version":[{"id":1077,"href":"http:\/\/shitakeshop.lv\/index.php?rest_route=\/wp\/v2\/pages\/152\/revisions\/1077"}],"wp:attachment":[{"href":"http:\/\/shitakeshop.lv\/index.php?rest_route=%2Fwp%2Fv2%2Fmedia&parent=152"}],"curies":[{"name":"wp","href":"https:\/\/api.w.org\/{rel}","templated":true}]}}